{"id":39,"date":"2023-10-08T00:37:12","date_gmt":"2023-10-07T22:37:12","guid":{"rendered":"https:\/\/kudelek.pl\/shop\/?page_id=39"},"modified":"2023-10-31T21:13:44","modified_gmt":"2023-10-31T20:13:44","slug":"o-nas","status":"publish","type":"page","link":"https:\/\/kudelek.pl\/shop\/o-nas\/","title":{"rendered":"O nas"},"content":{"rendered":"<div class=\"container\">\n<div class=\"introduction\">\n<p>Witaj na stronie marki \u201eKude\u0142ek\u201d! Jeste\u015bmy lud\u017ami z pasj\u0105, kt\u00f3rzy przekszta\u0142cili swoj\u0105 mi\u0142o\u015b\u0107 do ps\u00f3w w innowacyjn\u0105 mark\u0119 kosmetyk\u00f3w, stworzon\u0105 z my\u015bl\u0105 o Twoim psim towarzyszu. Nasza podr\u00f3\u017c rozpocz\u0119\u0142a si\u0119 od laboratorium, w kt\u00f3rym prowadzimy diagnostyk\u0119 zwierz\u0105t, ale dzi\u0119ki nieustannej pasji, pracy i mi\u0142o\u015bci do zwierz\u0105t, uda\u0142o nam si\u0119 rozwin\u0105\u0107 nowe obszary dzia\u0142alno\u015bci.<\/p>\n<\/div>\n<h2 class=\"section-heading\">Od Laboratorium do Zrozumienia Zwierz\u0105t<\/h2>\n<div class=\"image-centered\">\n<img decoding=\"async\" src=\"https:\/\/kudelek.pl\/shop\/wp-content\/uploads\/2023\/10\/kudelek1-1-300x300.webp\" alt=\"\" width=\"300\" height=\"300\" class=\"alignnone size-medium wp-image-286\" srcset=\"https:\/\/kudelek.pl\/shop\/wp-content\/uploads\/2023\/10\/kudelek1-1-300x300.webp 300w, https:\/\/kudelek.pl\/shop\/wp-content\/uploads\/2023\/10\/kudelek1-1-150x150.webp 150w, https:\/\/kudelek.pl\/shop\/wp-content\/uploads\/2023\/10\/kudelek1-1-768x768.webp 768w, https:\/\/kudelek.pl\/shop\/wp-content\/uploads\/2023\/10\/kudelek1-1-600x600.webp 600w, https:\/\/kudelek.pl\/shop\/wp-content\/uploads\/2023\/10\/kudelek1-1-100x100.webp 100w, https:\/\/kudelek.pl\/shop\/wp-content\/uploads\/2023\/10\/kudelek1-1-1x1.webp 1w, https:\/\/kudelek.pl\/shop\/wp-content\/uploads\/2023\/10\/kudelek1-1-10x10.webp 10w, https:\/\/kudelek.pl\/shop\/wp-content\/uploads\/2023\/10\/kudelek1-1.webp 1024w\" sizes=\"(max-width: 300px) 100vw, 300px\" \/>\n<\/div>\n<div class=\"section-content\">\n<p>Nasza historia zacz\u0119\u0142a si\u0119 od za\u0142o\u017cenia laboratorium, gdzie prowadzimy badania diagnostyczne dla zwierz\u0105t. Przez ca\u0142y czas rozwijamy zakres us\u0142ug obserwuj\u0105c i b\u0119d\u0105c cz\u0119\u015bci\u0105 tej wspania\u0142ej spo\u0142eczno\u015bci W\u0142a\u015bcicieli i Hodowc\u00f3w zwierz\u0105t oraz Stowarzysze\u0144, w ramach kt\u00f3rych s\u0105 zrzeszeni. Dzi\u0119ki temu, \u017ce zawsze jeste\u015bmy blisko naszych klient\u00f3w uda\u0142o nam si\u0119 wybra\u0107 i stworzy\u0107 us\u0142ugi i produkty, kt\u00f3re doskonale odpowiadaj\u0105 potrzebom naszych odbiorc\u00f3w.<\/p>\n<\/div>\n<h2 class=\"section-heading\">Wsp\u00f3\u0142praca z W\u0142a\u015bcicielami Ps\u00f3w<\/h2>\n<div class=\"section-content\">\n<p>Podczas naszej podr\u00f3\u017cy zdobyli\u015bmy nie tylko wiedz\u0119, ale tak\u017ce nawi\u0105zali\u015bmy cenne kontakty z w\u0142a\u015bcicielami ps\u00f3w. To w\u0142a\u015bnie oni byli naszymi najwa\u017cniejszymi konsultantami i inspiracj\u0105 do tworzenia produkt\u00f3w, kt\u00f3re naprawd\u0119 spe\u0142niaj\u0105 potrzeby ps\u00f3w. S\u0142uchali\u015bmy ich historii, dowiadywali\u015bmy si\u0119 o problemach, z jakimi spotykaj\u0105 si\u0119 ich pupile i pracowali\u015bmy nad rozwi\u0105zaniami.<\/p>\n<\/div>\n<h2 class=\"section-heading\">Receptury Opracowane z Mi\u0142o\u015bci\u0105 i Trosk\u0105<\/h2>\n<div class=\"section-content\">\n<p>Nasze produkty to owoc naszej pasji, do\u015bwiadczenia i wiedzy. Ka\u017cda receptura jest starannie opracowywana, z my\u015bl\u0105 o zdrowiu, komforcie i pi\u0119knie Twojego psa. Skupiamy si\u0119 na naturalnych sk\u0142adnikach, unikamy substancji chemicznych i testujemy nasze produkty, aby zapewni\u0107 ich najwy\u017csz\u0105 jako\u015b\u0107.<\/p>\n<\/div>\n<div class=\"conclusion\">\n<p>Nasza marka \u201eKude\u0142ek\u201d to wi\u0119cej ni\u017c tylko produkty kosmetyczne. To wyraz naszej mi\u0142o\u015bci do ps\u00f3w i pragnienie zapewnienia im najlepszej piel\u0119gnacji. Dzi\u0119kujemy, \u017ce jeste\u015b cz\u0119\u015bci\u0105 naszej historii i wspierasz nas w tworzeniu produkt\u00f3w, kt\u00f3re pomagaj\u0105 psom czu\u0107 si\u0119 zdrowe, pi\u0119kne i szcz\u0119\u015bliwe.<\/p>\n<\/div>\n<div class=\"contact-invitation\">\n<p>Je\u015bli masz jakiekolwiek pytania lub chcia\u0142by\u015b si\u0119 dowiedzie\u0107 wi\u0119cej o naszych produktach, \u015bmia\u0142o skontaktuj si\u0119 z nami. Jeste\u015bmy tu, aby pom\u00f3c Ci dba\u0107 o zdrowie i urod\u0119 Twojego wiernego przyjaciela!<\/p>\n<\/div>\n<\/div>\n","protected":false},"excerpt":{"rendered":"<p>Witaj na stronie marki \u201eKude\u0142ek\u201d! Jeste\u015bmy lud\u017ami z pasj\u0105, kt\u00f3rzy przekszta\u0142cili swoj\u0105 mi\u0142o\u015b\u0107 do ps\u00f3w w innowacyjn\u0105 mark\u0119 kosmetyk\u00f3w, stworzon\u0105 z my\u015bl\u0105 o Twoim psim&#8230;<\/p>\n","protected":false},"author":1,"featured_media":0,"parent":0,"menu_order":0,"comment_status":"closed","ping_status":"closed","template":"","meta":{"footnotes":""},"aioseo_notices":[],"jetpack_sharing_enabled":true,"_links":{"self":[{"href":"https:\/\/kudelek.pl\/shop\/wp-json\/wp\/v2\/pages\/39"}],"collection":[{"href":"https:\/\/kudelek.pl\/shop\/wp-json\/wp\/v2\/pages"}],"about":[{"href":"https:\/\/kudelek.pl\/shop\/wp-json\/wp\/v2\/types\/page"}],"author":[{"embeddable":true,"href":"https:\/\/kudelek.pl\/shop\/wp-json\/wp\/v2\/users\/1"}],"replies":[{"embeddable":true,"href":"https:\/\/kudelek.pl\/shop\/wp-json\/wp\/v2\/comments?post=39"}],"version-history":[{"count":7,"href":"https:\/\/kudelek.pl\/shop\/wp-json\/wp\/v2\/pages\/39\/revisions"}],"predecessor-version":[{"id":287,"href":"https:\/\/kudelek.pl\/shop\/wp-json\/wp\/v2\/pages\/39\/revisions\/287"}],"wp:attachment":[{"href":"https:\/\/kudelek.pl\/shop\/wp-json\/wp\/v2\/media?parent=39"}],"curies":[{"name":"wp","href":"https:\/\/api.w.org\/{rel}","templated":true}]}}