{"id":118,"date":"2023-10-08T04:32:35","date_gmt":"2023-10-08T02:32:35","guid":{"rendered":"https:\/\/kudelek.pl\/shop\/?post_type=product&#038;p=118"},"modified":"2024-11-09T15:12:48","modified_gmt":"2024-11-09T14:12:48","slug":"szampon-do-siersci-ciemnej","status":"publish","type":"product","link":"https:\/\/kudelek.pl\/shop\/product\/szampon-do-siersci-ciemnej\/","title":{"rendered":"Szampon do sier\u015bci ciemnej"},"content":{"rendered":"<p style=\"font-weight: 400;\">Odkryj tajemnic\u0119 pi\u0119knej i zdrowej sier\u015bci swojego czworono\u017cnego przyjaciela dzi\u0119ki naszemu\u00a0 szamponowi &#8222;Kude\u0142ek&#8221;. Ten wyj\u0105tkowy kosmetyk zosta\u0142 opracowany w laboratorium GeneVet, specjalnie dla ps\u00f3w o ciemnej sier\u015bci, aby podkre\u015bli\u0107 ich naturalne pi\u0119kno.<\/p>\n<p style=\"font-weight: 400;\">W szamponie zastosowane zosta\u0142y \u0142agodne \u015brodki myj\u0105ce, kt\u00f3re nie naruszaj\u0105 naturalnej gospodarki lipidowej sk\u00f3ry i sier\u015bci, zapewniaj\u0105c jednocze\u015bnie nawil\u017cenie, od\u017cywienie i regeneracj\u0119. Substancje aktywne dzia\u0142aj\u0105 \u0142agodz\u0105co, regeneruj\u0105co oraz przeciwbakteryjnie, neutralizuj\u0105c skutki kontaktu ze \u017ar\u00f3d\u0142ami bakterii, wirus\u00f3w i grzyb\u00f3w.<\/p>\n<p style=\"font-weight: 400;\">Dzi\u0119ki dzia\u0142aniu \u0142agodz\u0105cemu i przeciwzapalnemu, nasz szampon \u0142agodzi podra\u017cnienia sk\u00f3ry, nie wysuszaj\u0105c jej. Po jego u\u017cyciu sier\u015b\u0107 staje si\u0119 mi\u0119kka, g\u0142adka i l\u015bni\u0105ca, sprawiaj\u0105c, \u017ce Tw\u00f3j pies b\u0119dzie czu\u0142 si\u0119 komfortowo i wygl\u0105da\u0142 ol\u015bniewaj\u0105co. Nawet pieski o d\u0142ugiej sier\u015bci b\u0119d\u0105 \u0142atwe w czesaniu i zachwyc\u0105 swoim zdrowym i l\u015bni\u0105cym wygl\u0105dem.<\/p>\n<p style=\"font-weight: 400;\">Pozw\u00f3l swojemu pupilowi poczu\u0107 si\u0119 wyj\u0105tkowo z naszym szamponem &#8222;Kude\u0142ek&#8221; &#8211; troska o jego sier\u015b\u0107 jeszcze nigdy nie by\u0142a tak przyjemna i skuteczna!<\/p>\n<p style=\"font-weight: 400;\"><strong>SK\u0141AD<\/strong><strong>:<\/strong><\/p>\n<p style=\"font-weight: 400;\">Aqua, coco-glucoside, sodium coco-sulfate, cocamidopropyl betaine, glycerin, hydrozyled wheat, gluten, quercus cortex extract, panthenol, allantoin, sodium chloride, citric acid, gluconalactone, phenthyl alcohol, caprylyl glycol, calcium gluconate, caramel, sodium benzoate, potassium sorbate, parfum<\/p>\n<p style=\"font-weight: 400;\">\n<p style=\"font-weight: 400;\"><strong>W\u0141A\u015aCIWO\u015aCI:<\/strong><\/p>\n<p style=\"font-weight: 400;\"><strong>PANTENOL:<\/strong>\u00a0Z uwagi na niewielki rozmiar cz\u0105steczek bardzo dobrze wnika w g\u0142\u0119bokie warstwy nask\u00f3rka i przekszta\u0142ca si\u0119 w kwas pantotenowy, kt\u00f3ry wzmacnia struktur\u0119 sk\u00f3ry oraz w\u0142osa, nawil\u017caj\u0105c i zamykaj\u0105c jego \u0142uski.<\/p>\n<p style=\"font-weight: 400;\"><strong>EKSTRAKT Z KORY D\u0118BU:<\/strong>\u00a0\u0142agodzi stany zapalne, eliminuje nadmiar sebum i wzmacnia w\u0142osie. Dzia\u0142a \u015bci\u0105gaj\u0105co, wykazuje w\u0142a\u015bciwo\u015bci antyseptyczne i przeciwzapalne.<\/p>\n<p style=\"font-weight: 400;\"><strong>GLUTEN PSZENNY<\/strong>: wykazuje dzia\u0142anie od\u017cywcze, kondycjonuj\u0105ce, nawil\u017caj\u0105ce, wzmacniaj\u0105ce i ochronne. Tworzy na powierzchni sk\u00f3ry i w\u0142osa elastyczn\u0105, napinaj\u0105c\u0105 i liftinguj\u0105c\u0105, niewidoczn\u0105 go\u0142ym okiem, wyg\u0142adzaj\u0105c\u0105 pow\u0142ok\u0119. Dodatkowo ma w\u0142a\u015bciwo\u015bci reguluj\u0105ce pH kosmetyku.<\/p>\n<p style=\"font-weight: 400;\"><strong>GLICERYNA:\u00a0<\/strong>doskonale nawil\u017ca struktur\u0119 w\u0142osa oraz sk\u00f3r\u0119, zapewniaj\u0105c odpowiednie nawodnienie i elastyczno\u015b\u0107.<\/p>\n<p style=\"font-weight: 400;\"><strong>KARMEL:<\/strong>\u00a0Substancja maskuj\u0105ca, niweluj\u0105ca niepo\u017c\u0105dane zapachy a tak\u017ce zapachowa, stosowana r\u00f3wnie\u017c jako br\u0105zowy barwnik. Wykazuje r\u00f3wnie\u017c delikatne dzia\u0142anie od\u017cywcze.<\/p>\n<p style=\"font-weight: 400;\"><strong>KOKAMIDOPROPYLOBETAINA:<\/strong>\u00a0jest to substancja, kt\u00f3rej zadaniem jest skuteczne oczyszczenie sk\u00f3ry i sier\u015bci.\u00a0 Nie przenika przez barier\u0119 nask\u00f3rkow\u0105 oraz do g\u0142\u0119bszych warstw sk\u00f3ry. Substancja ta zmniejsza niekorzystne dzia\u0142anie anionowych substancji powierzchniowo czynnych. Jest sk\u0142adnikiem bardzo \u0142agodnym dla sk\u00f3ry i b\u0142on \u015bluzowych dzi\u0119ki czemu delikatnie oczyszcza a ponadto dzia\u0142a antystatycznie.<\/p>\n<p style=\"font-weight: 400;\"><strong>S\u00d3L SODOWA SIARCZANU ALKOHOLI T\u0141USZCZOWYCH Z OLEJU KOKOSOWEGO:\u00a0<\/strong>ma dzia\u0142anie oczyszczaj\u0105ce. Dobrze usuwa z powierzchni sk\u00f3ry i sier\u015bci r\u00f3\u017cne zanieczyszczenia. Dodatkowo r\u00f3wnie\u017c dzia\u0142a antystatycznie. Sprawia tak\u017ce, \u017ce sier\u015b\u0107 mniej si\u0119 pl\u0105cze.<\/p>\n<p style=\"font-weight: 400;\"><strong>KWAS CYTRYNOWY<\/strong>: ta substancja wykazuje dzia\u0142anie keratolityczne, czyli z\u0142uszczaj\u0105ce, dzi\u0119ki czemu redukuje przebarwienia.<\/p>\n<p style=\"font-weight: 400;\"><strong>POLIGUKOZYD KWAS\u00d3W OLEJU KOKOSOWEGO<\/strong>: substancja dobrze oczyszcza sk\u00f3r\u0119, ma w\u0142a\u015bciwo\u015bci kondycjonuj\u0105ce \u2013 sprawia, \u017ce sier\u015b\u0107 wygl\u0105daj\u0105 na g\u0142adsz\u0105 a sk\u00f3ra staje si\u0119 bardziej nawil\u017cona i zregenerowana.<\/p>\n<p style=\"font-weight: 400;\"><strong>ALANTOINA:<\/strong>\u00a0delikatnie rozja\u015bnia, wyg\u0142adza sier\u015b\u0107 i \u0142agodzi sk\u00f3r\u0119. Jest skuteczna w z\u0142uszczaniu nask\u00f3rka. Znalaz\u0142a swoje zastosowanie r\u00f3wnie\u017c w leczeniu chor\u00f3b sk\u00f3ry. \u00a0\u0141agodzi podra\u017cnienia, zmi\u0119kcza sk\u00f3r\u0119 i zmniejsza potrzeb\u0119 drapania si\u0119. Jest to delikatna substancja, kt\u00f3ra nie powoduje alergii.<\/p>\n<p style=\"font-weight: 400;\"><strong>CHLOREK SODU:<\/strong>\u00a0odpowiada za utrzymanie r\u00f3wnowagi elektrolitowej, pe\u0142ni istotn\u0105 funkcj\u0119 w procesie nawadniania. Ma zdolno\u015b\u0107 do wi\u0105zania cz\u0105steczek wody przez co zmniejsza jej aktywno\u015b\u0107 biologiczn\u0105. W ten spos\u00f3b ogranicza rozw\u00f3j bakterii w kosmetyku.<\/p>\n<p style=\"font-weight: 400;\"><strong>GLUKONOLAKTON:<\/strong>\u00a0Pomaga z\u0142agodzi\u0107 objawy chor\u00f3b sk\u00f3ry. Neutralizuje szkodliwe dzia\u0142anie wolnych rodnik\u00f3w, kt\u00f3re powstaj\u0105 mi\u0119dzy innymi pod wp\u0142ywem promieniowania UV. Ma du\u017ce cz\u0105steczki, kt\u00f3re s\u0142abiej wnikaj\u0105 przez sk\u00f3r\u0119, dzi\u0119ki czemu jest przez ni\u0105 lepiej tolerowany. Polecany szczeg\u00f3lnie dla sk\u00f3ry wra\u017cliwej i alergicznej.<\/p>\n<p style=\"font-weight: 400;\"><strong>GLIKOL KAPRYLOWY:<\/strong>\u00a0wi\u0105\u017ce wod\u0119 w sk\u00f3rze, dzi\u0119ki czemu zapobiega jej parowaniu. Stanowi t\u0142usty emolient, kt\u00f3ry pozostawia cienk\u0105 warstw\u0119 na powierzchni sk\u00f3ry, chroni\u0105c\u0105 przed utrat\u0105 wody z nask\u00f3rka. Nat\u0142uszcza, zmi\u0119kcza, nawil\u017ca oraz wyg\u0142adza powierzchni\u0119 sk\u00f3ry i w\u0142os\u00f3w.<\/p>\n<p style=\"font-weight: 400;\"><strong>GLUKONIAN WAPNIA:<\/strong>\u00a0ma dzia\u0142anie przeciwzapalne i przeciwuczuleniowe. Dzia\u0142a \u0142agodz\u0105co na sk\u00f3r\u0119 i wspomagaj\u0105co na syntez\u0119 witaminy C, kt\u00f3ra jest niezb\u0119dna do produkcji kolagenu.<\/p>\n<p style=\"font-weight: 400;\"><strong>BENZOESAN SODU:<\/strong>\u00a0s\u00f3l sodowa kwasu benzoesowego, zatrzymuje rozw\u00f3j bakterii, ple\u015bni i grzyb\u00f3w, kt\u00f3re mog\u0142yby by\u0107 gro\u017ane dla ps\u00f3w.<\/p>\n<p style=\"font-weight: 400;\"><strong>SORBINIAN POTASU:<\/strong>\u00a0s\u00f3l potasowa kwasu sorbinowego ogranicza rozw\u00f3j bakterii, dro\u017cd\u017cy i ple\u015bni. Zapobiega wt\u00f3rnemu zaka\u017ceniu mikroorganizmami, do kt\u00f3rego dochodzi podczas nak\u0142adania preparatu d\u0142o\u0144mi.<\/p>\n<p style=\"font-weight: 400;\">\n","protected":false},"excerpt":{"rendered":"<p>Piel\u0119gnacja ciemnej sier\u015bci wymaga specjalnego podej\u015bcia, a nasz Szampon do sier\u015bci ciemnej jest idealnym wyborem. Specjalnie dobrane naturalne sk\u0142adniki w szamponie pomagaj\u0105 podkre\u015bli\u0107 g\u0142\u0119bi\u0119 i bogactwo ciemnej sier\u015bci, dodaj\u0105c jej blasku i zdrowego wygl\u0105du. Szampon zawiera r\u00f3wnie\u017c substancje nawil\u017caj\u0105ce takie jak gliceryna, kt\u00f3re pomagaj\u0105 utrzyma\u0107 sk\u00f3r\u0119 i sier\u015b\u0107 psa w dobrej kondycji. Nasza \u0142agodna formu\u0142a myj\u0105ca jest idealna dla regularnej piel\u0119gnacji, oczyszcza sk\u00f3r\u0119 i sier\u015b\u0107, nie naruszaj\u0105c naturalnej bariery lipidowej sk\u00f3ry. Szampon \u0142atwo si\u0119 sp\u0142ukuje, nie pozostawiaj\u0105c resztek, a przyjemny, d\u0142ugotrwa\u0142y zapach sprawia, \u017ce sier\u015b\u0107 Twojego pupila b\u0119dzie pachnia\u0142a \u015bwie\u017co przez d\u0142ugi czas.<\/p>\n","protected":false},"featured_media":305,"template":"","meta":[],"etheme_brands":[],"product_cat":[17],"product_tag":[],"aioseo_notices":[],"jetpack_sharing_enabled":true,"_links":{"self":[{"href":"https:\/\/kudelek.pl\/shop\/wp-json\/wp\/v2\/product\/118"}],"collection":[{"href":"https:\/\/kudelek.pl\/shop\/wp-json\/wp\/v2\/product"}],"about":[{"href":"https:\/\/kudelek.pl\/shop\/wp-json\/wp\/v2\/types\/product"}],"wp:featuredmedia":[{"embeddable":true,"href":"https:\/\/kudelek.pl\/shop\/wp-json\/wp\/v2\/media\/305"}],"wp:attachment":[{"href":"https:\/\/kudelek.pl\/shop\/wp-json\/wp\/v2\/media?parent=118"}],"wp:term":[{"taxonomy":"brand","embeddable":true,"href":"https:\/\/kudelek.pl\/shop\/wp-json\/wp\/v2\/etheme_brands?post=118"},{"taxonomy":"product_cat","embeddable":true,"href":"https:\/\/kudelek.pl\/shop\/wp-json\/wp\/v2\/product_cat?post=118"},{"taxonomy":"product_tag","embeddable":true,"href":"https:\/\/kudelek.pl\/shop\/wp-json\/wp\/v2\/product_tag?post=118"}],"curies":[{"name":"wp","href":"https:\/\/api.w.org\/{rel}","templated":true}]}}